{"id":65,"date":"2024-08-06T17:02:40","date_gmt":"2024-08-06T17:02:40","guid":{"rendered":"https:\/\/arlandaparking.se\/reservations\/"},"modified":"2025-08-28T09:16:45","modified_gmt":"2025-08-28T07:16:45","slug":"valj-parkeringstyp","status":"publish","type":"page","link":"https:\/\/arlandaparking.se\/en\/valj-parkeringstyp\/","title":{"rendered":"Book now"},"content":{"rendered":"<div class=\"wpb-content-wrapper\"><div class=\"vc_row wpb_row vc_row-fluid vc_row_2144199725\"><div class=\"wpb_column vc_column_container vc_col-sm-12 vc_column_1563034973\"><div class=\"vc_column-inner\"><div class=\"wpb_wrapper\">\n\t<div class=\"wpb_text_column wpb_content_element\" >\n\t\t<div class=\"wpb_wrapper\">\n\t\t\t<p><span style=\"vertical-align: inherit;\"><span style=\"vertical-align: inherit;\"><\/p>\n\n\t\t<\/div>\n\t<\/div>\n<h2 style=\"text-align: center\" class=\"vc_custom_heading vc_do_custom_heading\" >V\u00e4lj den parkering som passar dig b\u00e4st nedan:<\/h2><style type=\"text\/css\"> .vc_column_1563034973:not(.vc_parallax):not(.jarallax) { overflow: center!important; position: relative; }<\/style><\/div><\/div><\/div><style type=\"text\/css\"> .vc_row_2144199725:not(.vc_parallax) { overflow: center!important; position: relative; }<\/style><\/div><div class=\"vc_row wpb_row vc_row-fluid vc_row_1658599810\"><div class=\"wpb_column vc_column_container vc_col-sm-12 vc_column_195866950\"><div class=\"vc_column-inner\"><div class=\"wpb_wrapper\">\n\t<div class=\"wpb_text_column wpb_content_element\" >\n\t\t<div class=\"wpb_wrapper\">\n\t\t\t<p><\/span><\/span><\/p>\n\n\t\t<\/div>\n\t<\/div>\n<style type=\"text\/css\"> .vc_column_195866950:not(.vc_parallax):not(.jarallax) { overflow: center!important; position: relative; }<\/style><\/div><\/div><\/div><style type=\"text\/css\"> .vc_row_1658599810:not(.vc_parallax) { overflow: center!important; position: relative; }<\/style><\/div><div class=\"vc_row wpb_row vc_row-fluid vc_row-o-content-top vc_row-flex vc_row_499588719\"><div class=\"wpb_column vc_column_container vc_col-sm-3\"><div class=\"vc_column-inner\"><div class=\"wpb_wrapper\">\n\t<div  class=\"wpb_single_image wpb_content_element vc_align_center wpb_content_element\">\n\t\t\n\t\t<figure class=\"wpb_wrapper vc_figure\">\n\t\t\t<div class=\"vc_single_image-wrapper   vc_box_border_grey\"><img decoding=\"async\" class=\"vc_single_image-img\" src=\"https:\/\/arlandaparking.se\/wp-content\/uploads\/2025\/06\/ChatGPT-Image-Jun-7-2025-12_35_29-PM-400x400.webp\" width=\"400\" height=\"400\" alt=\"Standard car parked at Arlanda Airport outdoor long-term parking lot with terminal and airplane in background\" title=\"Parkering\" loading=\"lazy\" \/><\/div>\n\t\t<\/figure>\n\t<\/div>\n\r\n<div id=\"button-OZUTiojWqA\" class=\"sh-button-container  sh-button-style-1\">\r\n\t<div class=\"sh-element-margin\">\r\n\t\t<a href=\"https:\/\/www.planyo.com\/update-integration.php?calendar=68779&#038;output=preview&#038;sec=c4c849b3fe8978b418bc3cc5b7b98377&#038;tool=simple&#038;default_language=SV&#038;default_mode=reserve&#038;search_type=0&#038;search_ext=0&#038;up_choices_type=0&#038;up_choices_fixed=30&#038;up_choices_c1=none&#038;up_choices_c2=none&#038;up_choices_c3=none&#038;up_choices_c4=none&#038;up_choices_c5=none&#038;up_choices_c6=none&#038;up_choices_c7=none&#038;up_choices_c8=none&#038;up_choices_c9=none&#038;up_choices_c10=none&#038;up_choices_c11=none&#038;up_choices_c12=none&#038;time_fields=0&#038;predefined_rental_time_0=24&#038;predefined_rental_time_1=24&#038;predefined_rental_time_2=24&#038;predefined_rental_time_3=24&#038;predefined_rental_time_4=24&#038;predefined_rental_time_5=24&#038;predefined_rental_time_6=24&#038;predefined_rental_time_7=24&#038;predefined_rental_time_8=24&#038;predefined_rental_time_9=24&#038;ppp_price_range_prtype=0&#038;up_ppp_price_range_prtype=0&#038;resource_ordering=name&#038;resource_property_filter=none&#038;s_resource_property_filter=none&#038;resource_property_operator=0&#038;s_resource_property_operator=0&#038;resource_choice=234264&#038;resource_choice_r=234264&#038;js_framework=jquery&#038;step=3b&#038;&#038;\" target=\"_self\" class=\"sh-button sh-button-medium sh-button-icon-left\">\r\n\r\n\t\t\t\t\t\t\t<span class=\"sh-button-icon\">\r\n\t\t\t\t\t<i class=\"fa fa-car\"><\/i>\r\n\t\t\t\t<\/span>\r\n\t\t\t\r\n\t\t\t\t\t\t\t<span class=\"sh-button-text\">\r\n\t\t\t\t\tBoka Standard Parkering\t\t\t\t<\/span>\r\n\t\t\t\r\n\t\t\t\r\n\t\t<\/a>\r\n\t\t\t<\/div>\r\n<\/div>\r\n            <style type=\"text\/css\">\r\n                #button-OZUTiojWqA .sh-button {line-height: 70px;height: 70px;padding-top: 0; padding-bottom: 0;line-height: 70px;padding-left: 1px; padding-right: 1px;border-radius: 10px;background-color: #1E73BE;color: #ffffff;border: 2px solid transparent;border: 2px solid #1E73BE;display: block!important;width: 100%;}#button-OZUTiojWqA {text-align: center;}#button-OZUTiojWqA:not(.sh-button-style-2) .sh-button:hover {background-color: #155A96;color: #FFFFFF;border: 2px solid #0D3F6E;}#button-OZUTiojWqA.sh-button-style-2 .sh-button:after {background-color: #155A96;}#button-OZUTiojWqA.sh-button-style-2 .sh-button:hover {color: #FFFFFF;border: 2px solid #0D3F6E;}@media (max-width: 800px) {#button-OZUTiojWqA {text-align: center;}}            <\/style>\r\n        <div class=\"vc_empty_space\"   style=\"height: 20px\"><span class=\"vc_empty_space_inner\"><\/span><\/div>\n\t<div class=\"wpb_text_column wpb_content_element\" >\n\t\t<div class=\"wpb_wrapper\">\n\t\t\t<p style=\"text-align: center;\">Prisv\u00e4rd och s\u00e4ker l\u00e5ngtidsparkering vid Arlanda f\u00f6r personbilar upp till 5 meter \u2013 perfekt f\u00f6r resen\u00e4rer som s\u00f6ker billig parkering n\u00e4ra Arlanda flygplats. Du beh\u00e5ller bilnyckeln sj\u00e4lv under resan.<\/p>\n\n\t\t<\/div>\n\t<\/div>\n<\/div><\/div><\/div><div class=\"wpb_column vc_column_container vc_col-sm-3 vc_column_643309582\"><div class=\"vc_column-inner\"><div class=\"wpb_wrapper\">\n\t<div  class=\"wpb_single_image wpb_content_element vc_align_left wpb_content_element\">\n\t\t\n\t\t<figure class=\"wpb_wrapper vc_figure\">\n\t\t\t<div class=\"vc_single_image-wrapper   vc_box_border_grey\"><img decoding=\"async\" class=\"vc_single_image-img\" src=\"https:\/\/arlandaparking.se\/wp-content\/uploads\/2025\/06\/20250613_0001_Airport-Parking-Exchange_simple_compose_01jxk2gv4keg28rdzmm4f02ksj-400x400.webp\" width=\"400\" height=\"400\" alt=\"20250613_0001_Airport Parking Exchange_simple_compose_01jxk2gv4keg28rdzmm4f02ksj\" title=\"20250613_0001_Airport Parking Exchange_simple_compose_01jxk2gv4keg28rdzmm4f02ksj\" loading=\"lazy\" \/><\/div>\n\t\t<\/figure>\n\t<\/div>\n\r\n<div id=\"button-PazUs4HV5K\" class=\"sh-button-container  sh-button-style-1\">\r\n\t<div class=\"sh-element-margin\">\r\n\t\t<a href=\"https:\/\/www.planyo.com\/booking.php?calendar=68779&#038;custom-language=SV&#038;attribute_string=resource_id%3D241136%26mode%3Dreserve%26lang%3DSV\" target=\"_self\" class=\"sh-button sh-button-medium sh-button-icon-left\">\r\n\r\n\t\t\t\t\t\t\t<span class=\"sh-button-icon\">\r\n\t\t\t\t\t<i class=\"fa fa-key\"><\/i>\r\n\t\t\t\t<\/span>\r\n\t\t\t\r\n\t\t\t\t\t\t\t<span class=\"sh-button-text\">\r\n\t\t\t\t\tBoka Key VIP Parkering\t\t\t\t<\/span>\r\n\t\t\t\r\n\t\t\t\r\n\t\t<\/a>\r\n\t\t\t<\/div>\r\n<\/div>\r\n            <style type=\"text\/css\">\r\n                #button-PazUs4HV5K .sh-button {line-height: 70px;height: 70px;padding-top: 0; padding-bottom: 0;line-height: 70px;padding-left: 1px; padding-right: 1px;border-radius: 10px;background-color: #1E73BE;color: #ffffff;border: 2px solid transparent;border: 2px solid #1E73BE;display: block!important;width: 100%;}#button-PazUs4HV5K {text-align: center;}#button-PazUs4HV5K:not(.sh-button-style-2) .sh-button:hover {background-color: #155A96;border: 2px solid #0D3F6E;}#button-PazUs4HV5K.sh-button-style-2 .sh-button:after {background-color: #155A96;}#button-PazUs4HV5K.sh-button-style-2 .sh-button:hover {border: 2px solid #0D3F6E;}@media (max-width: 800px) {#button-PazUs4HV5K {text-align: center;}}            <\/style>\r\n        <div class=\"vc_empty_space\"   style=\"height: 20px\"><span class=\"vc_empty_space_inner\"><\/span><\/div>\n\t<div class=\"wpb_text_column wpb_content_element\" >\n\t\t<div class=\"wpb_wrapper\">\n\t\t\t<p data-start=\"106\" data-end=\"266\">F\u00f6r personbilar upp till 5 meter.<br data-start=\"139\" data-end=\"142\" \/>Du parkerar utanf\u00f6r receptionen vid ankomst, checkar in och l\u00e4mnar \u00f6ver nycklarna till v\u00e5r personal \u2013 vi tar hand om resten.<\/p>\n<p data-start=\"268\" data-end=\"386\">Vi parkerar ditt fordon p\u00e5 ett av v\u00e5ra trygga omr\u00e5den. N\u00e4r du \u00e5terv\u00e4nder st\u00e5r bilen framk\u00f6rd och redo vid receptionen.<\/p>\n<p style=\"text-align: center;\" data-start=\"388\" data-end=\"532\">Som VIP-g\u00e4st bjuder vi f\u00f6raren +1 p\u00e5 kaffe eller stilla\/bubbelvatten vid hemresan.<br data-start=\"470\" data-end=\"473\" \/><strong data-start=\"473\" data-end=\"532\">Allt detta \u2013 till samma pris som v\u00e5r standardparkering.<\/strong><\/p>\n\n\t\t<\/div>\n\t<\/div>\n<style type=\"text\/css\"> .vc_column_643309582:not(.vc_parallax):not(.jarallax) { overflow: center!important; position: relative; }<\/style><\/div><\/div><\/div><div class=\"wpb_column vc_column_container vc_col-sm-3 vc_column_1505289899\"><div class=\"vc_column-inner\"><div class=\"wpb_wrapper\">\n\t<div  class=\"wpb_single_image wpb_content_element vc_align_left wpb_content_element\">\n\t\t\n\t\t<figure class=\"wpb_wrapper vc_figure\">\n\t\t\t<div class=\"vc_single_image-wrapper   vc_box_border_grey\"><img decoding=\"async\" class=\"vc_single_image-img\" src=\"https:\/\/arlandaparking.se\/wp-content\/uploads\/2025\/06\/ChatGPT-Image-Jun-7-2025-12_42_42-PM-400x400.webp\" width=\"400\" height=\"400\" alt=\"Large van parked at Arlanda Airport XXL parking area for vehicles over 5.5 meters\" title=\"XXL Parkering\" loading=\"lazy\" \/><\/div>\n\t\t<\/figure>\n\t<\/div>\n\r\n<div id=\"button-mSD7PJozHn\" class=\"sh-button-container  sh-button-style-1\">\r\n\t<div class=\"sh-element-margin\">\r\n\t\t<a href=\"https:\/\/www.planyo.com\/booking.php?calendar=68779&#038;custom-language=SV&#038;attribute_string=resource_id%3D241392%26mode%3Dreserve%26lang%3DSV\" target=\"_self\" class=\"sh-button sh-button-medium sh-button-icon-left\">\r\n\r\n\t\t\t\t\t\t\t<span class=\"sh-button-icon\">\r\n\t\t\t\t\t<i class=\"fa fa-arrows-h\"><\/i>\r\n\t\t\t\t<\/span>\r\n\t\t\t\r\n\t\t\t\t\t\t\t<span class=\"sh-button-text\">\r\n\t\t\t\t\tBoka XXL Parkering\t\t\t\t<\/span>\r\n\t\t\t\r\n\t\t\t\r\n\t\t<\/a>\r\n\t\t\t<\/div>\r\n<\/div>\r\n            <style type=\"text\/css\">\r\n                #button-mSD7PJozHn .sh-button {line-height: 70px;height: 70px;padding-top: 0; padding-bottom: 0;line-height: 70px;padding-left: 1px; padding-right: 1px;border-radius: 10px;background-color: #1E73BE;color: #ffffff;border: 2px solid transparent;border: 2px solid #1E73BE;display: block!important;width: 100%;}#button-mSD7PJozHn {text-align: center;}#button-mSD7PJozHn:not(.sh-button-style-2) .sh-button:hover {background-color: #155A96;border: 2px solid #0D3F6E;}#button-mSD7PJozHn.sh-button-style-2 .sh-button:after {background-color: #155A96;}#button-mSD7PJozHn.sh-button-style-2 .sh-button:hover {border: 2px solid #0D3F6E;}@media (max-width: 800px) {#button-mSD7PJozHn {text-align: center;}}            <\/style>\r\n        <div class=\"vc_empty_space\"   style=\"height: 20px\"><span class=\"vc_empty_space_inner\"><\/span><\/div>\n\t<div class=\"wpb_text_column wpb_content_element\" >\n\t\t<div class=\"wpb_wrapper\">\n\t\t\t<p style=\"text-align: center;\" data-start=\"145\" data-end=\"285\">Anpassad f\u00f6r personbilar \u00f6ver 5 meter men under 6,5 meter som f\u00e5r k\u00f6ras med B-k\u00f6rkort. Rymlig och s\u00e4ker parkering \u2013 ej avsedd f\u00f6r lastbilar.<\/p>\n<p style=\"text-align: center;\" data-start=\"287\" data-end=\"394\">F\u00f6r att s\u00e4kerst\u00e4lla att ditt fordon f\u00e5r plats, v\u00e4nligen kontakta oss innan du bokar p\u00e5 <strong data-start=\"374\" data-end=\"393\">+46 70 291 3313<\/strong>.<\/p>\n\n\t\t<\/div>\n\t<\/div>\n<style type=\"text\/css\"> .vc_column_1505289899:not(.vc_parallax):not(.jarallax) { overflow: center!important; position: relative; }<\/style><\/div><\/div><\/div><div class=\"wpb_column vc_column_container vc_col-sm-3 vc_column_1834726617\"><div class=\"vc_column-inner\"><div class=\"wpb_wrapper\">\n\t<div  class=\"wpb_single_image wpb_content_element vc_align_left wpb_content_element\">\n\t\t\n\t\t<figure class=\"wpb_wrapper vc_figure\">\n\t\t\t<div class=\"vc_single_image-wrapper   vc_box_border_grey\"><img decoding=\"async\" class=\"vc_single_image-img\" src=\"https:\/\/arlandaparking.se\/wp-content\/uploads\/2025\/06\/ChatGPT-Image-Jun-7-2025-12_41_18-PM-400x400.webp\" width=\"400\" height=\"400\" alt=\"Electric car charging at EV station outside Arlanda Airport terminal\" title=\"EL Laddning\" loading=\"lazy\" \/><\/div>\n\t\t<\/figure>\n\t<\/div>\n\r\n<div id=\"button-VXGYv7TRQC\" class=\"sh-button-container  sh-button-style-1\">\r\n\t<div class=\"sh-element-margin\">\r\n\t\t<a href=\"https:\/\/www.planyo.com\/booking.php?calendar=68779&#038;custom-language=SV&#038;attribute_string=resource_id%3D239503%26mode%3Dreserve%26lang%3DSV\" target=\"_self\" class=\"sh-button sh-button-medium sh-button-icon-left\">\r\n\r\n\t\t\t\t\t\t\t<span class=\"sh-button-icon\">\r\n\t\t\t\t\t<i class=\"fa fa-battery-half\"><\/i>\r\n\t\t\t\t<\/span>\r\n\t\t\t\r\n\t\t\t\t\t\t\t<span class=\"sh-button-text\">\r\n\t\t\t\t\tBoka Laddning + Parkering\t\t\t\t<\/span>\r\n\t\t\t\r\n\t\t\t\r\n\t\t<\/a>\r\n\t\t\t<\/div>\r\n<\/div>\r\n            <style type=\"text\/css\">\r\n                #button-VXGYv7TRQC .sh-button {line-height: 70px;height: 70px;padding-top: 0; padding-bottom: 0;line-height: 70px;padding-left: 1px; padding-right: 1px;border-radius: 10px;background-color: #1E73BE;color: #ffffff;border: 2px solid transparent;border: 2px solid #1E73BE;display: block!important;width: 100%;}#button-VXGYv7TRQC {text-align: center;}#button-VXGYv7TRQC:not(.sh-button-style-2) .sh-button:hover {background-color: #155A96;border: 2px solid #0D3F6E;}#button-VXGYv7TRQC.sh-button-style-2 .sh-button:after {background-color: #155A96;}#button-VXGYv7TRQC.sh-button-style-2 .sh-button:hover {border: 2px solid #0D3F6E;}@media (max-width: 800px) {#button-VXGYv7TRQC {text-align: center;}}            <\/style>\r\n        <div class=\"vc_empty_space\"   style=\"height: 20px\"><span class=\"vc_empty_space_inner\"><\/span><\/div>\n\t<div class=\"wpb_text_column wpb_content_element\" >\n\t\t<div class=\"wpb_wrapper\">\n\t\t\t<p style=\"text-align: center;\">Charge your electric car while parked at Arlanda Airport. Eco-friendly, convenient, and perfect for travelers driving an EV.<\/p>\n\n\t\t<\/div>\n\t<\/div>\n<style type=\"text\/css\"> .vc_column_1834726617:not(.vc_parallax):not(.jarallax) { overflow: center!important; position: relative; }<\/style><\/div><\/div><\/div><\/div>\n<\/div>","protected":false},"excerpt":{"rendered":"V\u00e4lj den parkering som passar dig b\u00e4st nedan: Boka Standard Parkering Prisv\u00e4rd och s\u00e4ker l\u00e5ngtidsparkering vid Arlanda f\u00f6r personbilar upp till 5 meter \u2013 perfekt f\u00f6r resen\u00e4rer som s\u00f6ker billig parkering n\u00e4ra Arlanda flygplats. Du beh\u00e5ller bilnyckeln sj\u00e4lv under resan. Boka Key VIP Parkering F\u00f6r...","protected":false},"author":1,"featured_media":0,"parent":0,"menu_order":0,"comment_status":"closed","ping_status":"closed","template":"","meta":{"_coblocks_attr":"","_coblocks_dimensions":"","_coblocks_responsive_height":"","_coblocks_accordion_ie_support":"","footnotes":""},"class_list":["post-65","page","type-page","status-publish","hentry"],"yoast_head":"<!-- This site is optimized with the Yoast SEO plugin v27.5 - https:\/\/yoast.com\/product\/yoast-seo-wordpress\/ -->\n<title>V\u00e4lj parkeringstyp | Parkering vid Arlanda flygplats<\/title>\n<meta name=\"description\" content=\"V\u00e4lj mellan fyra trygga parkeringsalternativ vid Arlanda: Regulj\u00e4r parkering, VIP-parkering med nyckelinl\u00e4mning, XXL-platser f\u00f6r st\u00f6rre fordon och parkering med elbilsladdning. Hitta den parkering som passar dig.\" \/>\n<meta name=\"robots\" content=\"index, follow, max-snippet:-1, max-image-preview:large, max-video-preview:-1\" \/>\n<link rel=\"canonical\" href=\"https:\/\/arlandaparking.se\/en\/valj-parkeringstyp\/\" \/>\n<meta property=\"og:locale\" content=\"en_US\" \/>\n<meta property=\"og:type\" content=\"article\" \/>\n<meta property=\"og:title\" content=\"V\u00e4lj parkeringstyp | Parkering vid Arlanda flygplats\" \/>\n<meta property=\"og:description\" content=\"V\u00e4lj mellan fyra trygga parkeringsalternativ vid Arlanda: Regulj\u00e4r parkering, VIP-parkering med nyckelinl\u00e4mning, XXL-platser f\u00f6r st\u00f6rre fordon och parkering med elbilsladdning. Hitta den parkering som passar dig.\" \/>\n<meta property=\"og:url\" content=\"https:\/\/arlandaparking.se\/en\/valj-parkeringstyp\/\" \/>\n<meta property=\"og:site_name\" content=\"Arlanda City Parking\" \/>\n<meta property=\"article:modified_time\" content=\"2025-08-28T07:16:45+00:00\" \/>\n<meta name=\"twitter:card\" content=\"summary_large_image\" \/>\n<meta name=\"twitter:label1\" content=\"Est. reading time\" \/>\n\t<meta name=\"twitter:data1\" content=\"3 minutes\" \/>\n<script type=\"application\/ld+json\" class=\"yoast-schema-graph\">{\"@context\":\"https:\\\/\\\/schema.org\",\"@graph\":[{\"@type\":\"WebPage\",\"@id\":\"https:\\\/\\\/arlandaparking.se\\\/valj-parkeringstyp\\\/\",\"url\":\"https:\\\/\\\/arlandaparking.se\\\/valj-parkeringstyp\\\/\",\"name\":\"V\u00e4lj parkeringstyp | Parkering vid Arlanda flygplats\",\"isPartOf\":{\"@id\":\"https:\\\/\\\/arlandaparking.se\\\/#website\"},\"datePublished\":\"2024-08-06T17:02:40+00:00\",\"dateModified\":\"2025-08-28T07:16:45+00:00\",\"description\":\"V\u00e4lj mellan fyra trygga parkeringsalternativ vid Arlanda: Regulj\u00e4r parkering, VIP-parkering med nyckelinl\u00e4mning, XXL-platser f\u00f6r st\u00f6rre fordon och parkering med elbilsladdning. Hitta den parkering som passar dig.\",\"breadcrumb\":{\"@id\":\"https:\\\/\\\/arlandaparking.se\\\/valj-parkeringstyp\\\/#breadcrumb\"},\"inLanguage\":\"en-US\",\"potentialAction\":[{\"@type\":\"ReadAction\",\"target\":[\"https:\\\/\\\/arlandaparking.se\\\/valj-parkeringstyp\\\/\"]}]},{\"@type\":\"BreadcrumbList\",\"@id\":\"https:\\\/\\\/arlandaparking.se\\\/valj-parkeringstyp\\\/#breadcrumb\",\"itemListElement\":[{\"@type\":\"ListItem\",\"position\":1,\"name\":\"Home\",\"item\":\"https:\\\/\\\/arlandaparking.se\\\/\"},{\"@type\":\"ListItem\",\"position\":2,\"name\":\"Boka\"}]},{\"@type\":\"WebSite\",\"@id\":\"https:\\\/\\\/arlandaparking.se\\\/#website\",\"url\":\"https:\\\/\\\/arlandaparking.se\\\/\",\"name\":\"Arlanda City Parking\",\"description\":\"Arlanda Airport Car Parking\",\"publisher\":{\"@id\":\"https:\\\/\\\/arlandaparking.se\\\/#organization\"},\"alternateName\":\"Airport Parkering\",\"potentialAction\":[{\"@type\":\"SearchAction\",\"target\":{\"@type\":\"EntryPoint\",\"urlTemplate\":\"https:\\\/\\\/arlandaparking.se\\\/?s={search_term_string}\"},\"query-input\":{\"@type\":\"PropertyValueSpecification\",\"valueRequired\":true,\"valueName\":\"search_term_string\"}}],\"inLanguage\":\"en-US\"},{\"@type\":\"Organization\",\"@id\":\"https:\\\/\\\/arlandaparking.se\\\/#organization\",\"name\":\"Arlanda City Parking\",\"alternateName\":\"Arlanda Parkering\",\"url\":\"https:\\\/\\\/arlandaparking.se\\\/\",\"logo\":{\"@type\":\"ImageObject\",\"inLanguage\":\"en-US\",\"@id\":\"https:\\\/\\\/arlandaparking.se\\\/#\\\/schema\\\/logo\\\/image\\\/\",\"url\":\"https:\\\/\\\/arlandaparking.se\\\/wp-content\\\/uploads\\\/2024\\\/08\\\/cropped-logo-1-e1723908205693.png\",\"contentUrl\":\"https:\\\/\\\/arlandaparking.se\\\/wp-content\\\/uploads\\\/2024\\\/08\\\/cropped-logo-1-e1723908205693.png\",\"width\":90,\"height\":90,\"caption\":\"Arlanda City Parking\"},\"image\":{\"@id\":\"https:\\\/\\\/arlandaparking.se\\\/#\\\/schema\\\/logo\\\/image\\\/\"},\"sameAs\":[\"https:\\\/\\\/www.instagram.com\\\/arlandacityparking\\\/\"]}]}<\/script>\n<!-- \/ Yoast SEO plugin. -->","yoast_head_json":{"title":"V\u00e4lj parkeringstyp | Parkering vid Arlanda flygplats","description":"V\u00e4lj mellan fyra trygga parkeringsalternativ vid Arlanda: Regulj\u00e4r parkering, VIP-parkering med nyckelinl\u00e4mning, XXL-platser f\u00f6r st\u00f6rre fordon och parkering med elbilsladdning. Hitta den parkering som passar dig.","robots":{"index":"index","follow":"follow","max-snippet":"max-snippet:-1","max-image-preview":"max-image-preview:large","max-video-preview":"max-video-preview:-1"},"canonical":"https:\/\/arlandaparking.se\/en\/valj-parkeringstyp\/","og_locale":"en_US","og_type":"article","og_title":"V\u00e4lj parkeringstyp | Parkering vid Arlanda flygplats","og_description":"V\u00e4lj mellan fyra trygga parkeringsalternativ vid Arlanda: Regulj\u00e4r parkering, VIP-parkering med nyckelinl\u00e4mning, XXL-platser f\u00f6r st\u00f6rre fordon och parkering med elbilsladdning. Hitta den parkering som passar dig.","og_url":"https:\/\/arlandaparking.se\/en\/valj-parkeringstyp\/","og_site_name":"Arlanda City Parking","article_modified_time":"2025-08-28T07:16:45+00:00","twitter_card":"summary_large_image","twitter_misc":{"Est. reading time":"3 minutes"},"schema":{"@context":"https:\/\/schema.org","@graph":[{"@type":"WebPage","@id":"https:\/\/arlandaparking.se\/valj-parkeringstyp\/","url":"https:\/\/arlandaparking.se\/valj-parkeringstyp\/","name":"V\u00e4lj parkeringstyp | Parkering vid Arlanda flygplats","isPartOf":{"@id":"https:\/\/arlandaparking.se\/#website"},"datePublished":"2024-08-06T17:02:40+00:00","dateModified":"2025-08-28T07:16:45+00:00","description":"V\u00e4lj mellan fyra trygga parkeringsalternativ vid Arlanda: Regulj\u00e4r parkering, VIP-parkering med nyckelinl\u00e4mning, XXL-platser f\u00f6r st\u00f6rre fordon och parkering med elbilsladdning. Hitta den parkering som passar dig.","breadcrumb":{"@id":"https:\/\/arlandaparking.se\/valj-parkeringstyp\/#breadcrumb"},"inLanguage":"en-US","potentialAction":[{"@type":"ReadAction","target":["https:\/\/arlandaparking.se\/valj-parkeringstyp\/"]}]},{"@type":"BreadcrumbList","@id":"https:\/\/arlandaparking.se\/valj-parkeringstyp\/#breadcrumb","itemListElement":[{"@type":"ListItem","position":1,"name":"Home","item":"https:\/\/arlandaparking.se\/"},{"@type":"ListItem","position":2,"name":"Boka"}]},{"@type":"WebSite","@id":"https:\/\/arlandaparking.se\/#website","url":"https:\/\/arlandaparking.se\/","name":"Arlanda City Parking","description":"Arlanda Airport Car Parking","publisher":{"@id":"https:\/\/arlandaparking.se\/#organization"},"alternateName":"Airport Parkering","potentialAction":[{"@type":"SearchAction","target":{"@type":"EntryPoint","urlTemplate":"https:\/\/arlandaparking.se\/?s={search_term_string}"},"query-input":{"@type":"PropertyValueSpecification","valueRequired":true,"valueName":"search_term_string"}}],"inLanguage":"en-US"},{"@type":"Organization","@id":"https:\/\/arlandaparking.se\/#organization","name":"Arlanda City Parking","alternateName":"Arlanda Parkering","url":"https:\/\/arlandaparking.se\/","logo":{"@type":"ImageObject","inLanguage":"en-US","@id":"https:\/\/arlandaparking.se\/#\/schema\/logo\/image\/","url":"https:\/\/arlandaparking.se\/wp-content\/uploads\/2024\/08\/cropped-logo-1-e1723908205693.png","contentUrl":"https:\/\/arlandaparking.se\/wp-content\/uploads\/2024\/08\/cropped-logo-1-e1723908205693.png","width":90,"height":90,"caption":"Arlanda City Parking"},"image":{"@id":"https:\/\/arlandaparking.se\/#\/schema\/logo\/image\/"},"sameAs":["https:\/\/www.instagram.com\/arlandacityparking\/"]}]}},"amp_enabled":true,"_links":{"self":[{"href":"https:\/\/arlandaparking.se\/en\/wp-json\/wp\/v2\/pages\/65","targetHints":{"allow":["GET"]}}],"collection":[{"href":"https:\/\/arlandaparking.se\/en\/wp-json\/wp\/v2\/pages"}],"about":[{"href":"https:\/\/arlandaparking.se\/en\/wp-json\/wp\/v2\/types\/page"}],"author":[{"embeddable":true,"href":"https:\/\/arlandaparking.se\/en\/wp-json\/wp\/v2\/users\/1"}],"replies":[{"embeddable":true,"href":"https:\/\/arlandaparking.se\/en\/wp-json\/wp\/v2\/comments?post=65"}],"version-history":[{"count":83,"href":"https:\/\/arlandaparking.se\/en\/wp-json\/wp\/v2\/pages\/65\/revisions"}],"predecessor-version":[{"id":2050,"href":"https:\/\/arlandaparking.se\/en\/wp-json\/wp\/v2\/pages\/65\/revisions\/2050"}],"wp:attachment":[{"href":"https:\/\/arlandaparking.se\/en\/wp-json\/wp\/v2\/media?parent=65"}],"curies":[{"name":"wp","href":"https:\/\/api.w.org\/{rel}","templated":true}]}}